{"id":966,"date":"2021-04-18T15:06:36","date_gmt":"2021-04-18T15:06:36","guid":{"rendered":"https:\/\/anarfilm.com\/blog\/"},"modified":"2023-11-08T08:05:07","modified_gmt":"2023-11-08T08:05:07","slug":"blog","status":"publish","type":"page","link":"https:\/\/anarfilm.com\/fr\/blog\/","title":{"rendered":"Blog"},"content":{"rendered":"<ul class=\"wp-block-latest-posts__list is-grid columns-2 aligncenter wp-block-latest-posts\"><li><div class=\"wp-block-latest-posts__featured-image alignleft\"><a href=\"https:\/\/anarfilm.com\/fr\/la-rou-langerie-de-sarah-une-boulunger-mobile\/\" aria-label=\"La Rou-langerie de Sarah &#8211; une boulunger mobile\"><img loading=\"lazy\" decoding=\"async\" width=\"150\" height=\"150\" src=\"https:\/\/anarfilm.com\/wp-content\/uploads\/2023\/09\/007633da-8f92-423d-acd3-24467d95b96a-2-edited-150x150.jpg\" class=\"attachment-thumbnail size-thumbnail wp-post-image\" alt=\"\" style=\"\" \/><\/a><\/div><a class=\"wp-block-latest-posts__post-title\" href=\"https:\/\/anarfilm.com\/fr\/la-rou-langerie-de-sarah-une-boulunger-mobile\/\">La Rou-langerie de Sarah &#8211; une boulunger mobile<\/a><div class=\"wp-block-latest-posts__post-excerpt\">Sarah &#8220;roule&#8221; avec sa &#8220;Rou-langerie&#8221; \u00e0 travers les villages de la Provence. Un four con\u00e7u et construit par elle et&hellip;<\/div><\/li>\n<\/ul>\n\n\n<figure class=\"wp-block-image size-full\"><img loading=\"lazy\" decoding=\"async\" width=\"1000\" height=\"655\" src=\"https:\/\/anarfilm.com\/wp-content\/uploads\/2023\/11\/venietiam_FR.jpg\" alt=\"\" class=\"wp-image-982\" srcset=\"https:\/\/anarfilm.com\/wp-content\/uploads\/2023\/11\/venietiam_FR.jpg 1000w, https:\/\/anarfilm.com\/wp-content\/uploads\/2023\/11\/venietiam_FR-300x197.jpg 300w, https:\/\/anarfilm.com\/wp-content\/uploads\/2023\/11\/venietiam_FR-768x503.jpg 768w\" sizes=\"auto, (max-width: 1000px) 100vw, 1000px\" \/><\/figure>\n\n\n<p><!-- \/wp:post-content --><\/p>\n<p><!-- wp:paragraph --><\/p>\n<p><!-- \/wp:paragraph --><\/p>\n<p><!-- \/wp:media-text --><\/p>\n<p><!-- wp:columns --><\/p>\n<div class=\"wp-block-columns\"><!-- wp:column --><\/p>\n<p>&nbsp;<\/p>\n<div class=\"wp-block-column\"><!-- wp:image {\"id\":12,\"sizeSlug\":\"large\",\"linkDestination\":\"none\"} --><\/p>\n<p>&nbsp;<\/p>\n<figure class=\"wp-block-image size-large\"><a href=\"https:\/\/anarfilm.com\/ladies-of-the-red-mask\/\"><img loading=\"lazy\" decoding=\"async\" class=\"alignnone wp-image-12\" src=\"https:\/\/anarfilm.com\/wp-content\/uploads\/2021\/04\/mask-ico.jpg\" alt=\"Dames au masque rouge\" width=\"303\" height=\"196\" srcset=\"https:\/\/anarfilm.com\/wp-content\/uploads\/2021\/04\/mask-ico.jpg 506w, https:\/\/anarfilm.com\/wp-content\/uploads\/2021\/04\/mask-ico-300x194.jpg 300w\" sizes=\"auto, (max-width: 303px) 100vw, 303px\" \/><\/a><\/p>\n<p>&nbsp;<\/p><figcaption>\n<h3>Dames au masque rouge<\/h3>\n<p>Jetez un \u0153il \u00e0 la vie des Dames au Masque Rouge, les habitants d&#8217;un petit village du sud-ouest de l&#8217;Iran.<br \/><a href=\"https:\/\/anarfilm.com\/ladies-of-the-red-mask\/\">Lire en suite&#8230;<\/a><\/p>\n<\/figcaption><\/figure>\n<p><!-- \/wp:image --><\/p>\n<\/div>\n<p><!-- \/wp:column --><\/p>\n<p><!-- wp:column --><\/p>\n<div class=\"wp-block-column\"><!-- wp:image {\"id\":11,\"sizeSlug\":\"large\",\"linkDestination\":\"none\"} --><\/p>\n<p>&nbsp;<\/p>\n<figure class=\"wp-block-image size-large\"><a href=\"https:\/\/anarfilm.com\/talk-radio-tehran\/\"><img loading=\"lazy\" decoding=\"async\" class=\"alignnone wp-image-11\" src=\"https:\/\/anarfilm.com\/wp-content\/uploads\/2021\/04\/ico-racer.jpg\" alt=\"\" width=\"303\" height=\"196\" srcset=\"https:\/\/anarfilm.com\/wp-content\/uploads\/2021\/04\/ico-racer.jpg 505w, https:\/\/anarfilm.com\/wp-content\/uploads\/2021\/04\/ico-racer-300x194.jpg 300w\" sizes=\"auto, (max-width: 303px) 100vw, 303px\" \/><\/a><\/p>\n<p>&nbsp;<\/p>\n<figcaption>\n<h3 style=\"text-align: center;\">Talk Radio Tehran<\/h3>\n<p>Au rythme des \u00ab talk radio \u00bb, trois femmes pleines d&#8217;entrain d\u00e9fient les st\u00e9r\u00e9otypes dans ce safari urbain de l&#8217;aube au cr\u00e9puscule \u00e0 travers T\u00e9h\u00e9ran. Suivez Zohreh, la course chicr&nbsp; <a href=\"https:\/\/anarfilm.com\/talk-radio-tehran\/\">Lire an suite&#8230;<\/a><\/p>\n<\/figcaption>\n<\/figure>\n<p><!-- \/wp:image --><\/p>\n<\/div>\n<p><!-- \/wp:column --><\/p>\n<p><!-- wp:column --><\/p>\n<div class=\"wp-block-column\"><!-- wp:image {\"id\":10,\"sizeSlug\":\"large\",\"linkDestination\":\"none\"} --><\/p>\n<p>&nbsp;<\/p>\n<figure class=\"wp-block-image size-large\"><a href=\"https:\/\/anarfilm.com\/alex\/\"><img loading=\"lazy\" decoding=\"async\" class=\"alignnone wp-image-10 size-medium\" src=\"https:\/\/anarfilm.com\/wp-content\/uploads\/2021\/04\/alex-ico-300x196.jpg\" alt=\"\" width=\"300\" height=\"196\" srcset=\"https:\/\/anarfilm.com\/wp-content\/uploads\/2021\/04\/alex-ico-300x196.jpg 300w, https:\/\/anarfilm.com\/wp-content\/uploads\/2021\/04\/alex-ico.jpg 500w\" sizes=\"auto, (max-width: 300px) 100vw, 300px\" \/><\/a><\/p>\n<p>&nbsp;<\/p>\n<figcaption>\n<h3 style=\"text-align: center;\">VENI ETIAM<\/h3>\n<p>Du point de vue de la gondole et de son gondolier, ce r\u00e9cit montre la Venise m\u00e9connue et ses secrets bien gard\u00e9s. <a href=\"https:\/\/anarfilm.com\/alex\/\">Lire en suite&#8230;<\/a><\/p>\n<\/figcaption>\n<\/figure>\n<p><!-- \/wp:image --><\/p>\n<\/div>\n<p><!-- \/wp:column --><\/p>\n<\/div>\n<p><!-- \/wp:columns --><\/p>\n<p><!-- wp:visual-portfolio\/block {\"block_id\":\"2mKzdQ\",\"content_source\":\"post-based\",\"posts_source\":\"post_types_set\",\"posts_ids\":[],\"posts_taxonomies\":[\"5\"],\"posts_order_direction\":\"asc\",\"layout\":\"masonry\",\"items_style_fade__show_categories\":false,\"items_style_fade__bg_color\":\"rgba(0, 0, 0, 0.5)\",\"layout_elements\":{\"top\":{\"elements\":[],\"align\":\"center\"},\"items\":{\"elements\":[\"items\"]},\"bottom\":{\"elements\":[\"pagination\"],\"align\":\"center\"}},\"pagination_style\":\"default\",\"pagination_load_more_text_end_list\":\"\"} \/--><\/p>\n<p><!-- wp:visual-portfolio\/block {\"block_id\":\"Z2rnrYb\",\"content_source\":\"post-based\",\"posts_source\":\"post\",\"posts_taxonomies\":[\"5\"],\"layout\":\"justified\",\"items_style_fade__show_categories\":false,\"items_style_fade__bg_color\":\"rgba(13, 16, 53, 0.8)\",\"items_style_fade__text_color\":\"#cf2e2e\",\"layout_elements\":{\"top\":{\"elements\":[],\"align\":\"center\"},\"items\":{\"elements\":[\"items\"]},\"bottom\":{\"elements\":[\"pagination\"],\"align\":\"center\"}},\"pagination_load_more_text_end_list\":\"\"} \/--><\/p>","protected":false},"excerpt":{"rendered":"<p>&nbsp; &nbsp; &nbsp; Dames au masque rouge Jetez un \u0153il \u00e0 la vie des Dames au Masque Rouge, les habitants d&#8217;un petit village du sud-ouest de l&#8217;Iran.Lire en suite&#8230; &nbsp;&hellip;<\/p>\n","protected":false},"author":1,"featured_media":0,"parent":0,"menu_order":0,"comment_status":"closed","ping_status":"closed","template":"","meta":{"nf_dc_page":"","ngg_post_thumbnail":0,"footnotes":""},"class_list":["post-966","page","type-page","status-publish","hentry"],"_links":{"self":[{"href":"https:\/\/anarfilm.com\/fr\/wp-json\/wp\/v2\/pages\/966","targetHints":{"allow":["GET"]}}],"collection":[{"href":"https:\/\/anarfilm.com\/fr\/wp-json\/wp\/v2\/pages"}],"about":[{"href":"https:\/\/anarfilm.com\/fr\/wp-json\/wp\/v2\/types\/page"}],"author":[{"embeddable":true,"href":"https:\/\/anarfilm.com\/fr\/wp-json\/wp\/v2\/users\/1"}],"replies":[{"embeddable":true,"href":"https:\/\/anarfilm.com\/fr\/wp-json\/wp\/v2\/comments?post=966"}],"version-history":[{"count":2,"href":"https:\/\/anarfilm.com\/fr\/wp-json\/wp\/v2\/pages\/966\/revisions"}],"predecessor-version":[{"id":984,"href":"https:\/\/anarfilm.com\/fr\/wp-json\/wp\/v2\/pages\/966\/revisions\/984"}],"wp:attachment":[{"href":"https:\/\/anarfilm.com\/fr\/wp-json\/wp\/v2\/media?parent=966"}],"curies":[{"name":"wp","href":"https:\/\/api.w.org\/{rel}","templated":true}]}}