{"id":964,"date":"2021-04-18T14:48:24","date_gmt":"2021-04-18T14:48:24","guid":{"rendered":"https:\/\/anarfilm.com\/anarfilm-production\/"},"modified":"2025-01-08T15:16:01","modified_gmt":"2025-01-08T15:16:01","slug":"anarfilm-production","status":"publish","type":"page","link":"https:\/\/anarfilm.com\/fr\/","title":{"rendered":"Anarfilm production"},"content":{"rendered":"\n<figure class=\"wp-block-image alignwide size-large\"><img loading=\"lazy\" decoding=\"async\" width=\"1024\" height=\"551\" src=\"https:\/\/anarfilm.com\/wp-content\/uploads\/2021\/04\/cropped-2400-logo-1024x551.jpg\" alt=\"\" class=\"wp-image-109\" srcset=\"https:\/\/anarfilm.com\/wp-content\/uploads\/2021\/04\/cropped-2400-logo-1024x551.jpg 1024w, https:\/\/anarfilm.com\/wp-content\/uploads\/2021\/04\/cropped-2400-logo-300x161.jpg 300w, https:\/\/anarfilm.com\/wp-content\/uploads\/2021\/04\/cropped-2400-logo-768x413.jpg 768w, https:\/\/anarfilm.com\/wp-content\/uploads\/2021\/04\/cropped-2400-logo-1536x826.jpg 1536w, https:\/\/anarfilm.com\/wp-content\/uploads\/2021\/04\/cropped-2400-logo-825x444.jpg 825w, https:\/\/anarfilm.com\/wp-content\/uploads\/2021\/04\/cropped-2400-logo-1859x1000.jpg 1859w, https:\/\/anarfilm.com\/wp-content\/uploads\/2021\/04\/cropped-2400-logo-600x323.jpg 600w, https:\/\/anarfilm.com\/wp-content\/uploads\/2021\/04\/cropped-2400-logo-400x215.jpg 400w, https:\/\/anarfilm.com\/wp-content\/uploads\/2021\/04\/cropped-2400-logo.jpg 1920w\" sizes=\"auto, (max-width: 1024px) 100vw, 1024px\" \/><\/figure>\n\n\n\n<div class=\"wp-block-columns is-layout-flex wp-container-core-columns-is-layout-9d6595d7 wp-block-columns-is-layout-flex\">\n<div class=\"wp-block-column is-layout-flow wp-block-column-is-layout-flow\">\n<figure class=\"wp-block-image size-full\"><img loading=\"lazy\" decoding=\"async\" width=\"1000\" height=\"655\" src=\"https:\/\/anarfilm.com\/wp-content\/uploads\/2023\/11\/venietiam_FR.jpg\" alt=\"\" class=\"wp-image-982\" srcset=\"https:\/\/anarfilm.com\/wp-content\/uploads\/2023\/11\/venietiam_FR.jpg 1000w, https:\/\/anarfilm.com\/wp-content\/uploads\/2023\/11\/venietiam_FR-300x197.jpg 300w, https:\/\/anarfilm.com\/wp-content\/uploads\/2023\/11\/venietiam_FR-768x503.jpg 768w\" sizes=\"auto, (max-width: 1000px) 100vw, 1000px\" \/><\/figure>\n<\/div>\n<\/div>\n\n\n\n<div class=\"wp-block-columns is-layout-flex wp-container-core-columns-is-layout-9d6595d7 wp-block-columns-is-layout-flex\">\n<div class=\"wp-block-column is-layout-flow wp-block-column-is-layout-flow\">\n<figure class=\"wp-block-image size-full\"><img loading=\"lazy\" decoding=\"async\" width=\"505\" height=\"327\" src=\"https:\/\/anarfilm.com\/wp-content\/uploads\/2023\/11\/ico_equiquanto505x327.jpg\" alt=\"\" class=\"wp-image-755\" srcset=\"https:\/\/anarfilm.com\/wp-content\/uploads\/2023\/11\/ico_equiquanto505x327.jpg 505w, https:\/\/anarfilm.com\/wp-content\/uploads\/2023\/11\/ico_equiquanto505x327-300x194.jpg 300w\" sizes=\"auto, (max-width: 505px) 100vw, 505px\" \/><\/figure>\n\n\n\n<h4 class=\"wp-block-heading has-text-align-center has-medium-font-size\">\u00e9quiQuanto<\/h4>\n\n\n\n<p class=\"\">Gr\u00e2ce \u00e0 une interaction extraordinaire entre la science et l&#8217;art, le physicien quantique Charles Antoine et l&#8217;artiste Paul Kichilov cr\u00e9ent une exploration magnifique et dynamique des possibilit\u00e9s insondables de notre univers.<br>Une danse v\u00e9ritablement po\u00e9tique d&#8217;art \u00e9questre et de v\u00e9ritable physique quantique \u00e0 ne pas manquer. <br><a href=\"https:\/\/anarfilm.com\/equiquanto\/\" data-type=\"post\" data-id=\"568\">Lire la suite&#8230;<\/a><\/p>\n<\/div>\n\n\n\n<div class=\"wp-block-column is-layout-flow wp-block-column-is-layout-flow\">\n<figure class=\"wp-block-gallery has-nested-images columns-default is-cropped wp-block-gallery-1 is-layout-flex wp-block-gallery-is-layout-flex\">\n<figure class=\"wp-block-image size-full\"><img decoding=\"async\" data-id=\"756\" src=\"https:\/\/anarfilm.com\/wp-content\/uploads\/2023\/11\/ico_sarah505x327.jpg\" alt=\"\" class=\"wp-image-756\"\/><\/figure>\n<\/figure>\n\n\n\n<p class=\"has-medium-font-size\"><strong>La Rou-langerie de Sarah<\/strong><\/p>\n\n\n\n<p class=\"\">Sarah &#8220;roule&#8221; avec sa &#8220;Rou-langerie&#8221; \u00e0 travers les villages de la Provence. Un four con\u00e7u et construit par elle et son compagnon de 400 kg, qui, selon ses propres mots, est : &#8221; d\u2019une grande autonomie &#8220;. <br><a href=\"https:\/\/anarfilm.com\/la-rou-langerie-de-sarah-atraveling-bakery\/\" data-type=\"post\" data-id=\"628\">Lire la suite&#8230;<\/a><\/p>\n<\/div>\n\n\n\n<div class=\"wp-block-column is-layout-flow wp-block-column-is-layout-flow\">\n<figure class=\"wp-block-image size-full\"><img loading=\"lazy\" decoding=\"async\" width=\"505\" height=\"327\" src=\"https:\/\/anarfilm.com\/wp-content\/uploads\/2023\/11\/ico_gout505x327.jpg\" alt=\"\" class=\"wp-image-758\" srcset=\"https:\/\/anarfilm.com\/wp-content\/uploads\/2023\/11\/ico_gout505x327.jpg 505w, https:\/\/anarfilm.com\/wp-content\/uploads\/2023\/11\/ico_gout505x327-300x194.jpg 300w\" sizes=\"auto, (max-width: 505px) 100vw, 505px\" \/><\/figure>\n\n\n\n<h4 class=\"wp-block-heading has-text-align-center\">Les aventuriers du Gout<\/h4>\n\n\n\n<p class=\"has-text-align-left\">A Brantes, un beau petit village du sud de la France, une r\u00e9gion de nombreux petits producteurs magnifiques et r\u00e9silients, gardiens des semences, du savoir et de la sagesse, Une nourriture qui nourrit le corps et l&#8217;esprit! <br><a href=\"https:\/\/anarfilm.com\/les-aventuriers-du-gout\/\" data-type=\"post\" data-id=\"626\">Lire la suite&#8230;<\/a><br><\/p>\n<\/div>\n<\/div>\n\n\n\n<div class=\"wp-block-columns is-layout-flex wp-container-core-columns-is-layout-9d6595d7 wp-block-columns-is-layout-flex\">\n<div class=\"wp-block-column is-layout-flow wp-block-column-is-layout-flow\">\n<figure class=\"wp-block-image size-full\"><img loading=\"lazy\" decoding=\"async\" width=\"505\" height=\"327\" src=\"https:\/\/anarfilm.com\/wp-content\/uploads\/2023\/11\/ico_aimons505x327.jpg\" alt=\"\" class=\"wp-image-753\" srcset=\"https:\/\/anarfilm.com\/wp-content\/uploads\/2023\/11\/ico_aimons505x327.jpg 505w, https:\/\/anarfilm.com\/wp-content\/uploads\/2023\/11\/ico_aimons505x327-300x194.jpg 300w\" sizes=\"auto, (max-width: 505px) 100vw, 505px\" \/><\/figure>\n\n\n\n<h4 class=\"wp-block-heading has-text-align-center\">Aimons nos Fermiers<\/h4>\n\n\n\n<p class=\"\"><br>Rencontrez Lionel Chazelle, producteur de produits certifi\u00e9s biodynamiques et Demeter dans la r\u00e9gion du Ventoux, dans le sud de la France. Il travaille dur depuis 12 ans pour cr\u00e9er un ensemble de cultures biodiversifi\u00e9es dans le but de fournir une alimentation de qualit\u00e9 pour lui et ses consommateurs. <br><a href=\"https:\/\/anarfilm.com\/aimons-nos-fermiers\/\" data-type=\"post\" data-id=\"635\"> Lire la suite&#8230;<\/a><\/p>\n<\/div>\n\n\n\n<div class=\"wp-block-column is-layout-flow wp-block-column-is-layout-flow\">\n<figure class=\"wp-block-image size-full\"><img loading=\"lazy\" decoding=\"async\" width=\"505\" height=\"327\" src=\"https:\/\/anarfilm.com\/wp-content\/uploads\/2024\/11\/vandana-new_069633-e17309888246992.jpg\" alt=\"\" class=\"wp-image-1008\" srcset=\"https:\/\/anarfilm.com\/wp-content\/uploads\/2024\/11\/vandana-new_069633-e17309888246992.jpg 505w, https:\/\/anarfilm.com\/wp-content\/uploads\/2024\/11\/vandana-new_069633-e17309888246992-300x194.jpg 300w\" sizes=\"auto, (max-width: 505px) 100vw, 505px\" \/><\/figure>\n\n\n\n<h4 class=\"wp-block-heading has-medium-font-size\">Conversation avec Vandana Shiva<\/h4>\n\n\n\n<p class=\"\">Une s\u00e9rie de conversations \/ interview que Bela Gil a fait avec Dr. Vandana Shiva &nbsp;en 8 parties,o\u00f9 nous cultivons l&#8217;affection, la solidarit\u00e9, l&#8217;amour, et le sauvetage du mot \u00e9conomie dans son sens de soins. Cette rencontre a eu lieu sous l\u2019ombre d\u2019un Magnolia plant\u00e9 en 1780 dans le Jardin de Brantes. <br><a href=\"https:\/\/anarfilm.com\/conversation-with-vandana-shiva\/\" data-type=\"post\" data-id=\"701\">Lire la suite&#8230;<\/a><\/p>\n<\/div>\n\n\n\n<div class=\"wp-block-column is-layout-flow wp-block-column-is-layout-flow\">\n<figure class=\"wp-block-heading wp-block-image size-full\"><img loading=\"lazy\" decoding=\"async\" width=\"505\" height=\"327\" src=\"https:\/\/anarfilm.com\/wp-content\/uploads\/2023\/11\/ico_mothergarden505x327.jpg\" alt=\"\" class=\"wp-image-752\" srcset=\"https:\/\/anarfilm.com\/wp-content\/uploads\/2023\/11\/ico_mothergarden505x327.jpg 505w, https:\/\/anarfilm.com\/wp-content\/uploads\/2023\/11\/ico_mothergarden505x327-300x194.jpg 300w\" sizes=\"auto, (max-width: 505px) 100vw, 505px\" \/><\/figure>\n\n\n\n<h4 class=\"wp-block-heading has-medium-font-size has-text-align-center\">Le Jardin des  M\u00e8res<\/h4>\n\n\n\n<p class=\"\"> Le Jardin des M\u00e8res est un espace collectif et partag\u00e9, un potager d&#8217;histoires et de souvenirs plant\u00e9s. Un lieu de production de la vie. il est constitu\u00e9 d&#8217;un potager, en forme de grand banc, et a une fonction de lieu p\u00e9dagogique . Le jardin des m\u00e8res peut \u00eatre implant\u00e9 dans les espaces urbains, les \u00e9coles, <a href=\"https:\/\/anarfilm.com\/inauguration-mothersgarden\/\" data-type=\"post\" data-id=\"718\">Lire la suite&#8230;<\/a><\/p>\n<\/div>\n<\/div>\n\n\n\n<div class=\"wp-block-columns is-layout-flex wp-container-core-columns-is-layout-9d6595d7 wp-block-columns-is-layout-flex\">\n<div class=\"wp-block-column is-layout-flow wp-block-column-is-layout-flow\">\n<figure class=\"wp-block-image size-full\"><a href=\"https:\/\/anarfilm.com\/alex\/\"><img loading=\"lazy\" decoding=\"async\" width=\"500\" height=\"327\" src=\"https:\/\/anarfilm.com\/wp-content\/uploads\/2021\/04\/alex-ico.jpg\" alt=\"\" class=\"wp-image-10\" srcset=\"https:\/\/anarfilm.com\/wp-content\/uploads\/2021\/04\/alex-ico.jpg 500w, https:\/\/anarfilm.com\/wp-content\/uploads\/2021\/04\/alex-ico-300x196.jpg 300w\" sizes=\"auto, (max-width: 500px) 100vw, 500px\" \/><\/a><\/figure>\n\n\n\n<h4 class=\"wp-block-heading has-text-align-center\">VENI ETIAM<\/h4>\n\n\n\n<p class=\"\">Du point de vue de la gondole et de son gondolier, ce r\u00e9cit montre la Venise m\u00e9connue et les secrets bien gard\u00e9s. <a href=\"https:\/\/anarfilm.com\/alex\/\">Lire la suite&#8230;<\/a><\/p>\n<\/div>\n\n\n\n<div class=\"wp-block-column is-layout-flow wp-block-column-is-layout-flow\">\n<figure class=\"wp-block-image size-large\"><img decoding=\"async\" src=\"https:\/\/anarfilm.com\/wp-content\/uploads\/2021\/04\/ico-racer.jpg\" alt=\"\" class=\"wp-image-518\"\/><\/figure>\n\n\n\n<h4 class=\"wp-block-heading\">Talk Radio Tehran<\/h4>\n\n\n\n<p class=\"\">Au rythme des \u00ab talk radio \u00bb, trois femmes pleines d&#8217;entrain d\u00e9fient les st\u00e9r\u00e9otypes dans ce safari urbain de l&#8217;aube au cr\u00e9puscule \u00e0 travers T\u00e9h\u00e9ran. Suivez Zohreh, l&#8217;\u00e9l\u00e9gante pilote  <a href=\"https:\/\/anarfilm.com\/talk-radio-tehran\/\">Lire la suite&#8230;<\/a><\/p>\n<\/div>\n\n\n\n<div class=\"wp-block-column is-layout-flow wp-block-column-is-layout-flow\">\n<figure class=\"wp-block-image size-full\"><img loading=\"lazy\" decoding=\"async\" width=\"506\" height=\"327\" src=\"https:\/\/anarfilm.com\/wp-content\/uploads\/2021\/04\/mask-ico.jpg\" alt=\"\" class=\"wp-image-12\" srcset=\"https:\/\/anarfilm.com\/wp-content\/uploads\/2021\/04\/mask-ico.jpg 506w, https:\/\/anarfilm.com\/wp-content\/uploads\/2021\/04\/mask-ico-300x194.jpg 300w\" sizes=\"auto, (max-width: 506px) 100vw, 506px\" \/><\/figure>\n\n\n\n<h4 class=\"wp-block-heading\">Dames au masque rouge<\/h4>\n\n\n\n<p class=\"\">Jetez un \u0153il \u00e0 la vie des Dames au Masque Rouge, les habitants d&#8217;un petit village du sud-ouest de l&#8217;Iran.<br><a href=\"https:\/\/anarfilm.com\/ladies-of-the-red-mask\/\">Lire la suite&#8230;<\/a><\/p>\n<\/div>\n<\/div>\n","protected":false},"excerpt":{"rendered":"<p>\u00e9quiQuanto Gr\u00e2ce \u00e0 une interaction extraordinaire entre la science et l&#8217;art, le physicien quantique Charles Antoine et l&#8217;artiste Paul Kichilov cr\u00e9ent une exploration magnifique et dynamique des possibilit\u00e9s insondables de&hellip;<\/p>\n","protected":false},"author":1,"featured_media":0,"parent":0,"menu_order":0,"comment_status":"closed","ping_status":"closed","template":"","meta":{"nf_dc_page":"","ngg_post_thumbnail":0,"footnotes":""},"class_list":["post-964","page","type-page","status-publish","hentry"],"_links":{"self":[{"href":"https:\/\/anarfilm.com\/fr\/wp-json\/wp\/v2\/pages\/964","targetHints":{"allow":["GET"]}}],"collection":[{"href":"https:\/\/anarfilm.com\/fr\/wp-json\/wp\/v2\/pages"}],"about":[{"href":"https:\/\/anarfilm.com\/fr\/wp-json\/wp\/v2\/types\/page"}],"author":[{"embeddable":true,"href":"https:\/\/anarfilm.com\/fr\/wp-json\/wp\/v2\/users\/1"}],"replies":[{"embeddable":true,"href":"https:\/\/anarfilm.com\/fr\/wp-json\/wp\/v2\/comments?post=964"}],"version-history":[{"count":5,"href":"https:\/\/anarfilm.com\/fr\/wp-json\/wp\/v2\/pages\/964\/revisions"}],"predecessor-version":[{"id":1012,"href":"https:\/\/anarfilm.com\/fr\/wp-json\/wp\/v2\/pages\/964\/revisions\/1012"}],"wp:attachment":[{"href":"https:\/\/anarfilm.com\/fr\/wp-json\/wp\/v2\/media?parent=964"}],"curies":[{"name":"wp","href":"https:\/\/api.w.org\/{rel}","templated":true}]}}