{"id":958,"date":"2021-04-18T14:52:11","date_gmt":"2021-04-18T14:52:11","guid":{"rendered":"https:\/\/anarfilm.com\/mahtab-mansour-directeur-creatif\/"},"modified":"2023-11-09T20:42:03","modified_gmt":"2023-11-09T20:42:03","slug":"mahtab-mansour-directeur-creatif","status":"publish","type":"page","link":"https:\/\/anarfilm.com\/fr\/mahtab-mansour-directeur-creatif\/","title":{"rendered":"Mahtab Mansour, directrice artistique"},"content":{"rendered":"\n<p><\/p>\n\n\n\n<p><\/p>\n\n\n\n<div class=\"wp-block-media-text has-media-on-the-right is-stacked-on-mobile\" style=\"grid-template-columns:auto 21%\"><figure class=\"wp-block-media-text__media\"><img loading=\"lazy\" decoding=\"async\" width=\"440\" height=\"440\" src=\"https:\/\/anarfilm.com\/wp-content\/uploads\/2021\/04\/IMG_8917-e1649527466155.jpg\" alt=\"\" class=\"wp-image-178 size-medium\"><\/figure><div class=\"wp-block-media-text__content\">\n<p>R\u00e9aliser les documentaires avec un axe ,explorant des situations sociales et des conditions inhabituelles dans la vie des femmes, Mahtab produit et r\u00e9alise des films depuis plus de 25 ans.&nbsp; Elle a \u00e9crit des sc\u00e9narios de longs m\u00e9trages, dirig\u00e9 de nombreux s\u00e9minaires sur le cin\u00e9ma et a organis\u00e9 et g\u00e9r\u00e9 des festivals de films, dont le premier festival du film documentaire iranien.<\/p>\n\n\n\n<p>N\u00e9e en Iran, Mahtab a grandi \u00e0 T\u00e9h\u00e9ran et part \u00e0 Paris en 1980 pour \u00e9tudier le cin\u00e9ma \u00e0 la Sorbonne, puis une ma\u00eetrise en esth\u00e9tique et en art. Actuellement, Mahtab habite et travaille \u00e0 Paris.<\/p>\n<\/div><\/div>\n\n\n\n<figure class=\"wp-block-gallery has-nested-images columns-default is-cropped wp-block-gallery-1 is-layout-flex wp-block-gallery-is-layout-flex\">\n<figure class=\"wp-block-image size-large\"><img loading=\"lazy\" decoding=\"async\" width=\"1024\" height=\"873\" data-id=\"518\" src=\"https:\/\/anarfilm.com\/wp-content\/uploads\/2022\/04\/alex-and-me90a247eb-77ab-40a0-ae7b-f3ab01e0140d-1-1024x873.jpg\" alt=\"\" class=\"wp-image-518\" srcset=\"https:\/\/anarfilm.com\/wp-content\/uploads\/2022\/04\/alex-and-me90a247eb-77ab-40a0-ae7b-f3ab01e0140d-1-1024x873.jpg 1024w, https:\/\/anarfilm.com\/wp-content\/uploads\/2022\/04\/alex-and-me90a247eb-77ab-40a0-ae7b-f3ab01e0140d-1-300x256.jpg 300w, https:\/\/anarfilm.com\/wp-content\/uploads\/2022\/04\/alex-and-me90a247eb-77ab-40a0-ae7b-f3ab01e0140d-1-768x655.jpg 768w, https:\/\/anarfilm.com\/wp-content\/uploads\/2022\/04\/alex-and-me90a247eb-77ab-40a0-ae7b-f3ab01e0140d-1.jpg 1056w\" sizes=\"auto, (max-width: 1024px) 100vw, 1024px\" \/><\/figure>\n\n\n\n<figure class=\"wp-block-image size-large\"><img loading=\"lazy\" decoding=\"async\" width=\"675\" height=\"450\" data-id=\"19\" src=\"https:\/\/anarfilm.com\/wp-content\/uploads\/2021\/04\/17.jpg\" alt=\"\" class=\"wp-image-19\" srcset=\"https:\/\/anarfilm.com\/wp-content\/uploads\/2021\/04\/17.jpg 675w, https:\/\/anarfilm.com\/wp-content\/uploads\/2021\/04\/17-300x200.jpg 300w\" sizes=\"auto, (max-width: 675px) 100vw, 675px\" \/><\/figure>\n\n\n\n<figure class=\"wp-block-image size-large\"><img loading=\"lazy\" decoding=\"async\" width=\"675\" height=\"450\" data-id=\"26\" src=\"https:\/\/anarfilm.com\/wp-content\/uploads\/2021\/04\/41.jpg\" alt=\"\" class=\"wp-image-26\" srcset=\"https:\/\/anarfilm.com\/wp-content\/uploads\/2021\/04\/41.jpg 675w, https:\/\/anarfilm.com\/wp-content\/uploads\/2021\/04\/41-300x200.jpg 300w\" sizes=\"auto, (max-width: 675px) 100vw, 675px\" \/><\/figure>\n<\/figure>\n\n\n\n<p><\/p>\n","protected":false},"excerpt":{"rendered":"<p>R\u00e9aliser les documentaires avec un axe ,explorant des situations sociales et des conditions inhabituelles dans la vie des femmes, Mahtab produit et r\u00e9alise des films depuis plus de 25 ans.&nbsp;&hellip;<\/p>\n","protected":false},"author":1,"featured_media":781,"parent":0,"menu_order":0,"comment_status":"closed","ping_status":"closed","template":"","meta":{"nf_dc_page":"","ngg_post_thumbnail":0,"footnotes":""},"class_list":["post-958","page","type-page","status-publish","has-post-thumbnail","hentry"],"_links":{"self":[{"href":"https:\/\/anarfilm.com\/fr\/wp-json\/wp\/v2\/pages\/958","targetHints":{"allow":["GET"]}}],"collection":[{"href":"https:\/\/anarfilm.com\/fr\/wp-json\/wp\/v2\/pages"}],"about":[{"href":"https:\/\/anarfilm.com\/fr\/wp-json\/wp\/v2\/types\/page"}],"author":[{"embeddable":true,"href":"https:\/\/anarfilm.com\/fr\/wp-json\/wp\/v2\/users\/1"}],"replies":[{"embeddable":true,"href":"https:\/\/anarfilm.com\/fr\/wp-json\/wp\/v2\/comments?post=958"}],"version-history":[{"count":2,"href":"https:\/\/anarfilm.com\/fr\/wp-json\/wp\/v2\/pages\/958\/revisions"}],"predecessor-version":[{"id":992,"href":"https:\/\/anarfilm.com\/fr\/wp-json\/wp\/v2\/pages\/958\/revisions\/992"}],"wp:featuredmedia":[{"embeddable":true,"href":"https:\/\/anarfilm.com\/fr\/wp-json\/wp\/v2\/media\/781"}],"wp:attachment":[{"href":"https:\/\/anarfilm.com\/fr\/wp-json\/wp\/v2\/media?parent=958"}],"curies":[{"name":"wp","href":"https:\/\/api.w.org\/{rel}","templated":true}]}}